{"id":6584,"date":"2025-06-17T16:45:30","date_gmt":"2025-06-17T15:45:30","guid":{"rendered":"https:\/\/rogervoice.creach.agency\/?page_id=6584"},"modified":"2025-10-15T15:06:59","modified_gmt":"2025-10-15T14:06:59","slug":"accessibilite-telephonique-pour-tous","status":"publish","type":"page","link":"https:\/\/rogervoice.com\/fr\/accessibilite-telephonique-pour-tous\/","title":{"rendered":"T\u00e9l\u00e9phonez en langue des signes"},"content":{"rendered":"\t\t<div data-elementor-type=\"wp-page\" data-elementor-id=\"6584\" class=\"elementor elementor-6584\">\n\t\t\t\t<div class=\"elementor-element elementor-element-afce157 e-flex e-con-boxed e-con e-parent\" data-id=\"afce157\" data-element_type=\"container\" data-e-type=\"container\">\n\t\t\t\t\t<div class=\"e-con-inner\">\n\t\t\t\t<div class=\"elementor-element elementor-element-ceec3db elementor-widget elementor-widget-pix-auto-video\" data-id=\"ceec3db\" data-element_type=\"widget\" data-e-type=\"widget\" data-widget_type=\"pix-auto-video.default\">\n\t\t\t\t<div class=\"elementor-widget-container\">\n\t\t\t\t\t<div class=\"d-flex w-100 pix-h-auto justify-content-center  \"><div  style=\"\" class=\"   text-left d-inline-block rounded-0\"  ><video class=\"pix-video-bg-element d-block rounded-0 bg-video\"   preload=\"metadata\"   autoplay muted playsinline >\n\t\t\t\t\t\t\t<source src=\"https:\/\/rogervoice.com\/wp-content\/uploads\/2025\/09\/header-lsf.webm\" type=\"video\/mp4\" \/>\n\t\t\t\t\t\t\tYour browser does not support the video tag. \n\t\t\t\t\t\t\t<\/video><\/div><\/div>\t\t\t\t<\/div>\n\t\t\t\t<\/div>\n\t\t\t\t\t<\/div>\n\t\t\t\t<\/div>\n\t\t<div class=\"elementor-element elementor-element-90a0fe0 e-flex e-con-boxed e-con e-parent\" data-id=\"90a0fe0\" data-element_type=\"container\" data-e-type=\"container\">\n\t\t\t\t\t<div class=\"e-con-inner\">\n\t\t\t\t<div class=\"elementor-element elementor-element-6ad4262 elementor-widget elementor-widget-manifest_widget\" data-id=\"6ad4262\" data-element_type=\"widget\" data-e-type=\"widget\" data-widget_type=\"manifest_widget.default\">\n\t\t\t\t<div class=\"elementor-widget-container\">\n\t\t\t\t\t\t\t<div class=\"bloc-manifeste \">\n\t\t\t\t\t\t\t\t\t\t\t\t\t\t\t\t\t<div class=\"manifeste-container  reverse \">\n\t\t\t\t<div class=\"manifeste-accordion\">\n\t\t\t\t\t\t\t\t\t\t\t\t\t\t\t\t<div class=\"manifeste-accordion-item active\">\n\t\t\t\t\t\t\t<div class=\"manifeste-accordion-header\">\n\t\t\t\t\t\t\t\t<h3><span class=\"ez-toc-section\" id=\"Conservez_votre_numero\"><\/span>Conservez votre num\u00e9ro<span class=\"ez-toc-section-end\"><\/span><\/h3>\n\t\t\t\t\t\t\t\t<div class=\"arrow\"><\/div>\n\t\t\t\t\t\t\t<\/div>\n\t\t\t\t\t\t\t<div class=\"manifeste-accordion-content\">\n\t\t\t\t\t\t\t\t<p><p>\u00catre joignable \u00e0 tout moment. Parce qu\u2019il est aussi important de pouvoir \u00eatre appel\u00e9 que d\u2019appeler, votre application Rogervoice vous permet de recevoir des appels en toute simplicit\u00e9, sans changer votre num\u00e9ro de t\u00e9l\u00e9phone.<\/p><\/p>\n\t\t\t\t\t\t\t<\/div>\n\t\t\t\t\t\t<\/div>\n\t\t\t\t\t\t\t\t\t\t\t<div class=\"manifeste-accordion-item \">\n\t\t\t\t\t\t\t<div class=\"manifeste-accordion-header\">\n\t\t\t\t\t\t\t\t<h3><span class=\"ez-toc-section\" id=\"Archivage_des_conversations\"><\/span>Archivage des conversations<span class=\"ez-toc-section-end\"><\/span><\/h3>\n\t\t\t\t\t\t\t\t<div class=\"arrow\"><\/div>\n\t\t\t\t\t\t\t<\/div>\n\t\t\t\t\t\t\t<div class=\"manifeste-accordion-content\">\n\t\t\t\t\t\t\t\t<p><p>Retrouvez vos conversations \u00e0 tout instant. Pour pouvoir relire vos conversations et ne rien oublier, tous les contenus textes de vos \u00e9changes t\u00e9l\u00e9phoniques sont archiv\u00e9s et faciles \u00e0 retrouver.<\/p><\/p>\n\t\t\t\t\t\t\t<\/div>\n\t\t\t\t\t\t<\/div>\n\t\t\t\t\t\t\t\t\t\t\t<div class=\"manifeste-accordion-item \">\n\t\t\t\t\t\t\t<div class=\"manifeste-accordion-header\">\n\t\t\t\t\t\t\t\t<h3><span class=\"ez-toc-section\" id=\"Picture-in-picture\"><\/span>Picture-in-picture<span class=\"ez-toc-section-end\"><\/span><\/h3>\n\t\t\t\t\t\t\t\t<div class=\"arrow\"><\/div>\n\t\t\t\t\t\t\t<\/div>\n\t\t\t\t\t\t\t<div class=\"manifeste-accordion-content\">\n\t\t\t\t\t\t\t\t<p><p>Vous basculez vers une autre application ? Nous sommes toujours l\u00e0.<br \/>Pendant un appel, utilisez les autres applications de votre t\u00e9l\u00e9phone tout en gardant un aper\u00e7u de votre interpr\u00e8te, de votre codeuse ou des sous-titres.<\/p><\/p>\n\t\t\t\t\t\t\t<\/div>\n\t\t\t\t\t\t<\/div>\n\t\t\t\t\t\t\t\t\t\t\t<div class=\"manifeste-accordion-item \">\n\t\t\t\t\t\t\t<div class=\"manifeste-accordion-header\">\n\t\t\t\t\t\t\t\t<h3><span class=\"ez-toc-section\" id=\"Apparence_de_lapplication\"><\/span>Apparence de l\u2019application<span class=\"ez-toc-section-end\"><\/span><\/h3>\n\t\t\t\t\t\t\t\t<div class=\"arrow\"><\/div>\n\t\t\t\t\t\t\t<\/div>\n\t\t\t\t\t\t\t<div class=\"manifeste-accordion-content\">\n\t\t\t\t\t\t\t\t<p><p>Une exp\u00e9rience utilisateur au top !<br \/>S\u00e9lectionnez une taille de texte qui vous convient et choisissez parmi plusieurs th\u00e8mes de couleurs (jour, nuit, contrast\u00e9, malvoyant) pour plus de confort visuel.<\/p><\/p>\n\t\t\t\t\t\t\t<\/div>\n\t\t\t\t\t\t<\/div>\n\t\t\t\t\t\t\t\t\t<\/div>\n\t\t\t\t<div class=\"manifeste-image-container\">\n\t\t\t\t\t\t\t\t\t\t\t<img decoding=\"async\" src=\"https:\/\/rogervoice.com\/wp-content\/uploads\/2025\/06\/fonctionnalite_receptiondappel_1078x1078_fr-2-tt-width-1000-height-1000-crop-1-1.webp\" alt=\"fonctionnalite_receptiondappel_1078x1078_fr-2-tt-width-1000-height-1000-crop-1\" title=\"fonctionnalite_receptiondappel_1078x1078_fr-2-tt-width-1000-height-1000-crop-1\" class=\" active\" \/>\n\t\t\t\t\t\t\t\t\t\t\t<img decoding=\"async\" src=\"https:\/\/rogervoice.com\/wp-content\/uploads\/2025\/06\/archivagecrt_1078x1078_fr-tt-width-1000-height-1000-crop-1.webp\" alt=\"archivagecrt_1078x1078_fr-tt-width-1000-height-1000-crop-1\" title=\"archivagecrt_1078x1078_fr-tt-width-1000-height-1000-crop-1\" \/>\n\t\t\t\t\t\t\t\t\t\t\t<img decoding=\"async\" src=\"https:\/\/rogervoice.com\/wp-content\/uploads\/2025\/06\/pictureinpicture_1078x1078_fr-1-tt-width-1000-height-1000-crop-1.webp\" alt=\"pictureinpicture_1078x1078_fr-1-tt-width-1000-height-1000-crop-1\" title=\"pictureinpicture_1078x1078_fr-1-tt-width-1000-height-1000-crop-1\" \/>\n\t\t\t\t\t\t\t\t\t\t\t<img decoding=\"async\" src=\"https:\/\/rogervoice.com\/wp-content\/uploads\/2025\/06\/fonctionnalite_apparence_1078x1078_fr-2-tt-width-1000-height-1000-crop-1.webp\" alt=\"fonctionnalite_apparence_1078x1078_fr-2-tt-width-1000-height-1000-crop-1\" title=\"fonctionnalite_apparence_1078x1078_fr-2-tt-width-1000-height-1000-crop-1\" \/>\n\t\t\t\t\t\t\t\t\t<\/div>\n\t\t\t<\/div>\n\t\t<\/div>\n\t\t\t\t\t<\/div>\n\t\t\t\t<\/div>\n\t\t\t\t\t<\/div>\n\t\t\t\t<\/div>\n\t\t<div class=\"elementor-element elementor-element-637d892 e-grid e-con-boxed e-con e-parent\" data-id=\"637d892\" data-element_type=\"container\" data-e-type=\"container\">\n\t\t\t\t\t<div class=\"e-con-inner\">\n\t\t<div class=\"elementor-element elementor-element-db70969 e-con-full e-flex e-con e-child\" data-id=\"db70969\" data-element_type=\"container\" data-e-type=\"container\">\n\t\t\t\t<div class=\"elementor-element elementor-element-e2c0b9f elementor-widget elementor-widget-heading\" data-id=\"e2c0b9f\" data-element_type=\"widget\" data-e-type=\"widget\" data-widget_type=\"heading.default\">\n\t\t\t\t<div class=\"elementor-widget-container\">\n\t\t\t\t\t<h2 class=\"elementor-heading-title elementor-size-default\"><span class=\"ez-toc-section\" id=\"Gardez_le_contact_avec_vos_proches\"><\/span>Gardez le contact avec vos proches<span class=\"ez-toc-section-end\"><\/span><\/h2>\t\t\t\t<\/div>\n\t\t\t\t<\/div>\n\t\t\t\t<div class=\"elementor-element elementor-element-a746009 elementor-widget elementor-widget-text-editor\" data-id=\"a746009\" data-element_type=\"widget\" data-e-type=\"widget\" data-widget_type=\"text-editor.default\">\n\t\t\t\t<div class=\"elementor-widget-container\">\n\t\t\t\t\t\t\t\t\t<p>Pour souhaiter un joyeux anniversaire, organiser la garde des enfants ou r\u00e9server un restaurant, appeler reste n\u00e9cessaire. Les professionnels de Rogervoice sont l\u00e0 aussi pour vous accompagner.<\/p><div class=\"container px-1.25 py-1 lg:py-2\"><div class=\"justify-between lg:flex lg:flex-row-reverse lg:items-center\"><div class=\"pt-1 lg:w-5\/12 lg:pt-0\"><div class=\"text-base leading-normal lg:text-xl\"><div class=\"container px-1.25 py-1 lg:py-2\"><div class=\"justify-between lg:flex lg:flex-row-reverse lg:items-center\"><div class=\"pt-1 lg:w-5\/12 lg:pt-0\"><div class=\"text-base leading-normal lg:text-xl\"><p>D\u00e9couvrez la simplicit\u00e9 du t\u00e9l\u00e9phone !<\/p><\/div><\/div><\/div><\/div><\/div><\/div><\/div><\/div>\t\t\t\t\t\t\t\t<\/div>\n\t\t\t\t<\/div>\n\t\t\t\t<\/div>\n\t\t\t\t<div class=\"elementor-element elementor-element-4f9e10a elementor-widget elementor-widget-pix-img\" data-id=\"4f9e10a\" data-element_type=\"widget\" data-e-type=\"widget\" data-widget_type=\"pix-img.default\">\n\t\t\t\t<div class=\"elementor-widget-container\">\n\t\t\t\t\t<div id=\"el-4f9e10a\" class=\"pix-img-element d-inline-block pix-scale-in-sm\" ><div class=\"pix-img-el    fly-sm right d-inline-block  w-100 rounded-10\"  ><img fetchpriority=\"high\" decoding=\"async\" width=\"1200\" height=\"1200\" src=\"https:\/\/rogervoice.com\/wp-content\/uploads\/2025\/06\/lsf_contactproches-scaled-tt-width-1200-height-1200-crop-1-1.webp\" class=\"pix-img-elem rounded-10\" alt=\"Image link\" srcset=\"https:\/\/rogervoice.com\/wp-content\/uploads\/2025\/06\/lsf_contactproches-scaled-tt-width-1200-height-1200-crop-1-1.webp 1200w, https:\/\/rogervoice.com\/wp-content\/uploads\/2025\/06\/lsf_contactproches-scaled-tt-width-1200-height-1200-crop-1-1-300x300.webp 300w, https:\/\/rogervoice.com\/wp-content\/uploads\/2025\/06\/lsf_contactproches-scaled-tt-width-1200-height-1200-crop-1-1-1024x1024.webp 1024w, https:\/\/rogervoice.com\/wp-content\/uploads\/2025\/06\/lsf_contactproches-scaled-tt-width-1200-height-1200-crop-1-1-150x150.webp 150w, https:\/\/rogervoice.com\/wp-content\/uploads\/2025\/06\/lsf_contactproches-scaled-tt-width-1200-height-1200-crop-1-1-768x768.webp 768w, https:\/\/rogervoice.com\/wp-content\/uploads\/2025\/06\/lsf_contactproches-scaled-tt-width-1200-height-1200-crop-1-1-148x148.webp 148w, https:\/\/rogervoice.com\/wp-content\/uploads\/2025\/06\/lsf_contactproches-scaled-tt-width-1200-height-1200-crop-1-1-296x296.webp 296w, https:\/\/rogervoice.com\/wp-content\/uploads\/2025\/06\/lsf_contactproches-scaled-tt-width-1200-height-1200-crop-1-1-512x512.webp 512w, https:\/\/rogervoice.com\/wp-content\/uploads\/2025\/06\/lsf_contactproches-scaled-tt-width-1200-height-1200-crop-1-1-920x920.webp 920w\" sizes=\"(max-width: 1200px) 100vw, 1200px\" \/><\/div><\/div>\t\t\t\t<\/div>\n\t\t\t\t<\/div>\n\t\t\t\t\t<\/div>\n\t\t\t\t<\/div>\n\t\t<div class=\"elementor-element elementor-element-6a4c30e e-flex e-con-boxed e-con e-parent\" data-id=\"6a4c30e\" data-element_type=\"container\" data-e-type=\"container\">\n\t\t\t\t\t<div class=\"e-con-inner\">\n\t\t<div class=\"elementor-element elementor-element-377bb4f e-grid e-con-full e-con e-child\" data-id=\"377bb4f\" data-element_type=\"container\" data-e-type=\"container\">\n\t\t\t\t<div class=\"elementor-element elementor-element-18a7fad elementor-widget elementor-widget-pix-img\" data-id=\"18a7fad\" data-element_type=\"widget\" data-e-type=\"widget\" data-widget_type=\"pix-img.default\">\n\t\t\t\t<div class=\"elementor-widget-container\">\n\t\t\t\t\t<div id=\"el-18a7fad\" class=\"pix-img-element d-inline-block pix-scale-in-sm\" ><div class=\"pix-img-el    fly-sm left d-inline-block  w-100 rounded-10\"  ><img decoding=\"async\" width=\"1200\" height=\"1200\" src=\"https:\/\/rogervoice.com\/wp-content\/uploads\/2025\/06\/lsf_quotidien-scaled-tt-width-1200-height-1200-crop-1.webp\" class=\"pix-img-elem rounded-10\" alt=\"Image link\" srcset=\"https:\/\/rogervoice.com\/wp-content\/uploads\/2025\/06\/lsf_quotidien-scaled-tt-width-1200-height-1200-crop-1.webp 1200w, https:\/\/rogervoice.com\/wp-content\/uploads\/2025\/06\/lsf_quotidien-scaled-tt-width-1200-height-1200-crop-1-300x300.webp 300w, https:\/\/rogervoice.com\/wp-content\/uploads\/2025\/06\/lsf_quotidien-scaled-tt-width-1200-height-1200-crop-1-1024x1024.webp 1024w, https:\/\/rogervoice.com\/wp-content\/uploads\/2025\/06\/lsf_quotidien-scaled-tt-width-1200-height-1200-crop-1-150x150.webp 150w, https:\/\/rogervoice.com\/wp-content\/uploads\/2025\/06\/lsf_quotidien-scaled-tt-width-1200-height-1200-crop-1-768x768.webp 768w, https:\/\/rogervoice.com\/wp-content\/uploads\/2025\/06\/lsf_quotidien-scaled-tt-width-1200-height-1200-crop-1-148x148.webp 148w, https:\/\/rogervoice.com\/wp-content\/uploads\/2025\/06\/lsf_quotidien-scaled-tt-width-1200-height-1200-crop-1-296x296.webp 296w, https:\/\/rogervoice.com\/wp-content\/uploads\/2025\/06\/lsf_quotidien-scaled-tt-width-1200-height-1200-crop-1-512x512.webp 512w, https:\/\/rogervoice.com\/wp-content\/uploads\/2025\/06\/lsf_quotidien-scaled-tt-width-1200-height-1200-crop-1-920x920.webp 920w\" sizes=\"(max-width: 1200px) 100vw, 1200px\" \/><\/div><\/div>\t\t\t\t<\/div>\n\t\t\t\t<\/div>\n\t\t<div class=\"elementor-element elementor-element-34239bc e-con-full e-flex e-con e-child\" data-id=\"34239bc\" data-element_type=\"container\" data-e-type=\"container\">\n\t\t\t\t<div class=\"elementor-element elementor-element-78703e5 elementor-widget elementor-widget-heading\" data-id=\"78703e5\" data-element_type=\"widget\" data-e-type=\"widget\" data-widget_type=\"heading.default\">\n\t\t\t\t<div class=\"elementor-widget-container\">\n\t\t\t\t\t<h2 class=\"elementor-heading-title elementor-size-default\"><span class=\"ez-toc-section\" id=\"Organisez_votre_quotidien\"><\/span>Organisez votre quotidien<span class=\"ez-toc-section-end\"><\/span><\/h2>\t\t\t\t<\/div>\n\t\t\t\t<\/div>\n\t\t\t\t<div class=\"elementor-element elementor-element-66f3e09 elementor-widget elementor-widget-text-editor\" data-id=\"66f3e09\" data-element_type=\"widget\" data-e-type=\"widget\" data-widget_type=\"text-editor.default\">\n\t\t\t\t<div class=\"elementor-widget-container\">\n\t\t\t\t\t\t\t\t\t<p>Pour contacter les services publics, r\u00e9gler un probl\u00e8me administratif ou joindre votre m\u00e9decin, le t\u00e9l\u00e9phone est parfois la seule solution. Rogervoice vous offre une accessibilit\u00e9 t\u00e9l\u00e9phonique optimale.<\/p><div class=\"container px-1.25 py-1 lg:py-2\"><div class=\"justify-between lg:flex lg:items-center\"><div class=\"pt-1 lg:w-5\/12 lg:pt-0\"><div class=\"text-base leading-normal lg:text-xl\"><p>Gagnez du temps gr\u00e2ce au t\u00e9l\u00e9phone !<\/p><\/div><\/div><\/div><\/div>\t\t\t\t\t\t\t\t<\/div>\n\t\t\t\t<\/div>\n\t\t\t\t<\/div>\n\t\t\t\t<\/div>\n\t\t\t\t\t<\/div>\n\t\t\t\t<\/div>\n\t\t<div class=\"elementor-element elementor-element-ff4fdea e-flex e-con-boxed e-con e-parent\" data-id=\"ff4fdea\" data-element_type=\"container\" data-e-type=\"container\">\n\t\t\t\t\t<div class=\"e-con-inner\">\n\t\t<div class=\"elementor-element elementor-element-12806e6 e-grid e-con-full e-con e-child\" data-id=\"12806e6\" data-element_type=\"container\" data-e-type=\"container\">\n\t\t\t\t<div class=\"elementor-element elementor-element-c6074e5 elementor-widget__width-inherit elementor-widget elementor-widget-pix-img\" data-id=\"c6074e5\" data-element_type=\"widget\" data-e-type=\"widget\" data-widget_type=\"pix-img.default\">\n\t\t\t\t<div class=\"elementor-widget-container\">\n\t\t\t\t\t<div id=\"el-c6074e5\" class=\"pix-img-element d-inline-block pix-scale-in-sm\" style=\"width:100%;\"><div class=\"pix-img-el    fly-sm left d-inline-block  w-100 rounded-10\"  ><img decoding=\"async\" width=\"317\" height=\"379\" src=\"https:\/\/rogervoice.com\/wp-content\/uploads\/2025\/06\/3_heures_720x860-1-tt-width-317-height-379-crop-1.webp\" class=\"pix-img-elem rounded-10\" alt=\"Image link\" srcset=\"https:\/\/rogervoice.com\/wp-content\/uploads\/2025\/06\/3_heures_720x860-1-tt-width-317-height-379-crop-1.webp 317w, https:\/\/rogervoice.com\/wp-content\/uploads\/2025\/06\/3_heures_720x860-1-tt-width-317-height-379-crop-1-251x300.webp 251w\" sizes=\"(max-width: 317px) 100vw, 317px\" \/><\/div><\/div>\t\t\t\t<\/div>\n\t\t\t\t<\/div>\n\t\t<div class=\"elementor-element elementor-element-0720d53 e-con-full e-flex e-con e-child\" data-id=\"0720d53\" data-element_type=\"container\" data-e-type=\"container\">\n\t\t\t\t<div class=\"elementor-element elementor-element-18c94e4 elementor-widget elementor-widget-heading\" data-id=\"18c94e4\" data-element_type=\"widget\" data-e-type=\"widget\" data-widget_type=\"heading.default\">\n\t\t\t\t<div class=\"elementor-widget-container\">\n\t\t\t\t\t<h2 class=\"elementor-heading-title elementor-size-default\"><span class=\"ez-toc-section\" id=\"3hmois_offertes_par_votre_operateur_telephonique\"><\/span>3h\/mois offertes par votre op\u00e9rateur t\u00e9l\u00e9phonique<span class=\"ez-toc-section-end\"><\/span><\/h2>\t\t\t\t<\/div>\n\t\t\t\t<\/div>\n\t\t\t\t<div class=\"elementor-element elementor-element-b7c892d elementor-widget elementor-widget-text-editor\" data-id=\"b7c892d\" data-element_type=\"widget\" data-e-type=\"widget\" data-widget_type=\"text-editor.default\">\n\t\t\t\t<div class=\"elementor-widget-container\">\n\t\t\t\t\t\t\t\t\t<div class=\"text-base lg:text-lg\"><p>Dans le cadre de la loi sur l\u2019accessibilit\u00e9 num\u00e9rique, votre op\u00e9rateur* vous offre\u00a03h d\u2019appels par mois, de 8h30 \u00e0 21h en semaine et le samedi matin de 8h30 \u00e0 13h, hors jours f\u00e9ri\u00e9s.<\/p><p><em>*Orange, SFR, Bouygues T\u00e9l\u00e9com, CIC Mobile, La Poste Mobile, Auchan T\u00e9l\u00e9com, Discount Mobile, Cr\u00e9dit Mutuel Mobile et NRJ<\/em><\/p><\/div>\t\t\t\t\t\t\t\t<\/div>\n\t\t\t\t<\/div>\n\t\t\t\t<\/div>\n\t\t\t\t<\/div>\n\t\t\t\t\t<\/div>\n\t\t\t\t<\/div>\n\t\t\t\t<\/div>\n\t\t","protected":false},"excerpt":{"rendered":"<p>Your browser does not support the video tag. Conservez votre num\u00e9ro \u00catre joignable \u00e0 tout moment. Parce qu\u2019il est aussi important de pouvoir \u00eatre appel\u00e9 que d\u2019appeler, votre application Rogervoice vous permet de recevoir des appels en toute simplicit\u00e9, sans&#8230;<\/p>\n","protected":false},"author":4,"featured_media":0,"parent":0,"menu_order":0,"comment_status":"closed","ping_status":"closed","template":"","meta":{"inline_featured_image":false,"footnotes":""},"folder":[747],"class_list":["post-6584","page","type-page","status-publish","hentry"],"yoast_head":"<!-- This site is optimized with the Yoast SEO plugin v27.3 - https:\/\/yoast.com\/product\/yoast-seo-wordpress\/ -->\n<title>T\u00e9l\u00e9phonez en langue des signes - Rogervoice<\/title>\n<meta name=\"robots\" content=\"index, follow, max-snippet:-1, max-image-preview:large, max-video-preview:-1\" \/>\n<link rel=\"canonical\" href=\"https:\/\/rogervoice.com\/fr\/accessibilite-telephonique-pour-tous\/\" \/>\n<meta property=\"og:locale\" content=\"fr_FR\" \/>\n<meta property=\"og:type\" content=\"article\" \/>\n<meta property=\"og:title\" content=\"T\u00e9l\u00e9phonez en langue des signes - Rogervoice\" \/>\n<meta property=\"og:description\" content=\"Your browser does not support the video tag. Conservez votre num\u00e9ro \u00catre joignable \u00e0 tout moment. Parce qu\u2019il est aussi important de pouvoir \u00eatre appel\u00e9 que d\u2019appeler, votre application Rogervoice vous permet de recevoir des appels en toute simplicit\u00e9, sans...\" \/>\n<meta property=\"og:url\" content=\"https:\/\/rogervoice.com\/fr\/accessibilite-telephonique-pour-tous\/\" \/>\n<meta property=\"og:site_name\" content=\"Rogervoice\" \/>\n<meta property=\"article:modified_time\" content=\"2025-10-15T14:06:59+00:00\" \/>\n<meta property=\"og:image\" content=\"https:\/\/rogervoice.com\/wp-content\/uploads\/2025\/06\/fonctionnalite_receptiondappel_1078x1078_fr-2-tt-width-1000-height-1000-crop-1-1.webp\" \/>\n<meta name=\"twitter:card\" content=\"summary_large_image\" \/>\n<meta name=\"twitter:label1\" content=\"Dur\u00e9e de lecture estim\u00e9e\" \/>\n\t<meta name=\"twitter:data1\" content=\"3 minutes\" \/>\n<script type=\"application\/ld+json\" class=\"yoast-schema-graph\">{\"@context\":\"https:\\\/\\\/schema.org\",\"@graph\":[{\"@type\":\"WebPage\",\"@id\":\"https:\\\/\\\/rogervoice.com\\\/fr\\\/accessibilite-telephonique-pour-tous\\\/\",\"url\":\"https:\\\/\\\/rogervoice.com\\\/fr\\\/accessibilite-telephonique-pour-tous\\\/\",\"name\":\"T\u00e9l\u00e9phonez en langue des signes - Rogervoice\",\"isPartOf\":{\"@id\":\"https:\\\/\\\/rogervoice.com\\\/fr\\\/#website\"},\"primaryImageOfPage\":{\"@id\":\"https:\\\/\\\/rogervoice.com\\\/fr\\\/accessibilite-telephonique-pour-tous\\\/#primaryimage\"},\"image\":{\"@id\":\"https:\\\/\\\/rogervoice.com\\\/fr\\\/accessibilite-telephonique-pour-tous\\\/#primaryimage\"},\"thumbnailUrl\":\"https:\\\/\\\/rogervoice.com\\\/wp-content\\\/uploads\\\/2025\\\/06\\\/fonctionnalite_receptiondappel_1078x1078_fr-2-tt-width-1000-height-1000-crop-1-1.webp\",\"datePublished\":\"2025-06-17T15:45:30+00:00\",\"dateModified\":\"2025-10-15T14:06:59+00:00\",\"breadcrumb\":{\"@id\":\"https:\\\/\\\/rogervoice.com\\\/fr\\\/accessibilite-telephonique-pour-tous\\\/#breadcrumb\"},\"inLanguage\":\"fr-FR\",\"potentialAction\":[{\"@type\":\"ReadAction\",\"target\":[\"https:\\\/\\\/rogervoice.com\\\/fr\\\/accessibilite-telephonique-pour-tous\\\/\"]}]},{\"@type\":\"ImageObject\",\"inLanguage\":\"fr-FR\",\"@id\":\"https:\\\/\\\/rogervoice.com\\\/fr\\\/accessibilite-telephonique-pour-tous\\\/#primaryimage\",\"url\":\"https:\\\/\\\/rogervoice.com\\\/wp-content\\\/uploads\\\/2025\\\/06\\\/fonctionnalite_receptiondappel_1078x1078_fr-2-tt-width-1000-height-1000-crop-1-1.webp\",\"contentUrl\":\"https:\\\/\\\/rogervoice.com\\\/wp-content\\\/uploads\\\/2025\\\/06\\\/fonctionnalite_receptiondappel_1078x1078_fr-2-tt-width-1000-height-1000-crop-1-1.webp\"},{\"@type\":\"BreadcrumbList\",\"@id\":\"https:\\\/\\\/rogervoice.com\\\/fr\\\/accessibilite-telephonique-pour-tous\\\/#breadcrumb\",\"itemListElement\":[{\"@type\":\"ListItem\",\"position\":1,\"name\":\"Home\",\"item\":\"https:\\\/\\\/rogervoice.com\\\/fr\\\/\"},{\"@type\":\"ListItem\",\"position\":2,\"name\":\"T\u00e9l\u00e9phonez en langue des signes\"}]},{\"@type\":\"WebSite\",\"@id\":\"https:\\\/\\\/rogervoice.com\\\/fr\\\/#website\",\"url\":\"https:\\\/\\\/rogervoice.com\\\/fr\\\/\",\"name\":\"Rogervoice\",\"description\":\"L\u2019appli qui sous-titre vos appels\",\"potentialAction\":[{\"@type\":\"SearchAction\",\"target\":{\"@type\":\"EntryPoint\",\"urlTemplate\":\"https:\\\/\\\/rogervoice.com\\\/fr\\\/?s={search_term_string}\"},\"query-input\":{\"@type\":\"PropertyValueSpecification\",\"valueRequired\":true,\"valueName\":\"search_term_string\"}}],\"inLanguage\":\"fr-FR\"}]}<\/script>\n<!-- \/ Yoast SEO plugin. -->","yoast_head_json":{"title":"T\u00e9l\u00e9phonez en langue des signes - Rogervoice","robots":{"index":"index","follow":"follow","max-snippet":"max-snippet:-1","max-image-preview":"max-image-preview:large","max-video-preview":"max-video-preview:-1"},"canonical":"https:\/\/rogervoice.com\/fr\/accessibilite-telephonique-pour-tous\/","og_locale":"fr_FR","og_type":"article","og_title":"T\u00e9l\u00e9phonez en langue des signes - Rogervoice","og_description":"Your browser does not support the video tag. Conservez votre num\u00e9ro \u00catre joignable \u00e0 tout moment. Parce qu\u2019il est aussi important de pouvoir \u00eatre appel\u00e9 que d\u2019appeler, votre application Rogervoice vous permet de recevoir des appels en toute simplicit\u00e9, sans...","og_url":"https:\/\/rogervoice.com\/fr\/accessibilite-telephonique-pour-tous\/","og_site_name":"Rogervoice","article_modified_time":"2025-10-15T14:06:59+00:00","og_image":[{"url":"https:\/\/rogervoice.com\/wp-content\/uploads\/2025\/06\/fonctionnalite_receptiondappel_1078x1078_fr-2-tt-width-1000-height-1000-crop-1-1.webp","type":"","width":"","height":""}],"twitter_card":"summary_large_image","twitter_misc":{"Dur\u00e9e de lecture estim\u00e9e":"3 minutes"},"schema":{"@context":"https:\/\/schema.org","@graph":[{"@type":"WebPage","@id":"https:\/\/rogervoice.com\/fr\/accessibilite-telephonique-pour-tous\/","url":"https:\/\/rogervoice.com\/fr\/accessibilite-telephonique-pour-tous\/","name":"T\u00e9l\u00e9phonez en langue des signes - Rogervoice","isPartOf":{"@id":"https:\/\/rogervoice.com\/fr\/#website"},"primaryImageOfPage":{"@id":"https:\/\/rogervoice.com\/fr\/accessibilite-telephonique-pour-tous\/#primaryimage"},"image":{"@id":"https:\/\/rogervoice.com\/fr\/accessibilite-telephonique-pour-tous\/#primaryimage"},"thumbnailUrl":"https:\/\/rogervoice.com\/wp-content\/uploads\/2025\/06\/fonctionnalite_receptiondappel_1078x1078_fr-2-tt-width-1000-height-1000-crop-1-1.webp","datePublished":"2025-06-17T15:45:30+00:00","dateModified":"2025-10-15T14:06:59+00:00","breadcrumb":{"@id":"https:\/\/rogervoice.com\/fr\/accessibilite-telephonique-pour-tous\/#breadcrumb"},"inLanguage":"fr-FR","potentialAction":[{"@type":"ReadAction","target":["https:\/\/rogervoice.com\/fr\/accessibilite-telephonique-pour-tous\/"]}]},{"@type":"ImageObject","inLanguage":"fr-FR","@id":"https:\/\/rogervoice.com\/fr\/accessibilite-telephonique-pour-tous\/#primaryimage","url":"https:\/\/rogervoice.com\/wp-content\/uploads\/2025\/06\/fonctionnalite_receptiondappel_1078x1078_fr-2-tt-width-1000-height-1000-crop-1-1.webp","contentUrl":"https:\/\/rogervoice.com\/wp-content\/uploads\/2025\/06\/fonctionnalite_receptiondappel_1078x1078_fr-2-tt-width-1000-height-1000-crop-1-1.webp"},{"@type":"BreadcrumbList","@id":"https:\/\/rogervoice.com\/fr\/accessibilite-telephonique-pour-tous\/#breadcrumb","itemListElement":[{"@type":"ListItem","position":1,"name":"Home","item":"https:\/\/rogervoice.com\/fr\/"},{"@type":"ListItem","position":2,"name":"T\u00e9l\u00e9phonez en langue des signes"}]},{"@type":"WebSite","@id":"https:\/\/rogervoice.com\/fr\/#website","url":"https:\/\/rogervoice.com\/fr\/","name":"Rogervoice","description":"L\u2019appli qui sous-titre vos appels","potentialAction":[{"@type":"SearchAction","target":{"@type":"EntryPoint","urlTemplate":"https:\/\/rogervoice.com\/fr\/?s={search_term_string}"},"query-input":{"@type":"PropertyValueSpecification","valueRequired":true,"valueName":"search_term_string"}}],"inLanguage":"fr-FR"}]}},"_links":{"self":[{"href":"https:\/\/rogervoice.com\/fr\/wp-json\/wp\/v2\/pages\/6584","targetHints":{"allow":["GET"]}}],"collection":[{"href":"https:\/\/rogervoice.com\/fr\/wp-json\/wp\/v2\/pages"}],"about":[{"href":"https:\/\/rogervoice.com\/fr\/wp-json\/wp\/v2\/types\/page"}],"author":[{"embeddable":true,"href":"https:\/\/rogervoice.com\/fr\/wp-json\/wp\/v2\/users\/4"}],"replies":[{"embeddable":true,"href":"https:\/\/rogervoice.com\/fr\/wp-json\/wp\/v2\/comments?post=6584"}],"version-history":[{"count":82,"href":"https:\/\/rogervoice.com\/fr\/wp-json\/wp\/v2\/pages\/6584\/revisions"}],"predecessor-version":[{"id":9515,"href":"https:\/\/rogervoice.com\/fr\/wp-json\/wp\/v2\/pages\/6584\/revisions\/9515"}],"wp:attachment":[{"href":"https:\/\/rogervoice.com\/fr\/wp-json\/wp\/v2\/media?parent=6584"}],"wp:term":[{"taxonomy":"folder","embeddable":true,"href":"https:\/\/rogervoice.com\/fr\/wp-json\/wp\/v2\/folder?post=6584"}],"curies":[{"name":"wp","href":"https:\/\/api.w.org\/{rel}","templated":true}]}}