{"id":6387,"date":"2025-06-06T16:14:36","date_gmt":"2025-06-06T15:14:36","guid":{"rendered":"https:\/\/rogervoice.creach.agency\/?page_id=6387"},"modified":"2025-09-28T22:27:43","modified_gmt":"2025-09-28T21:27:43","slug":"contact","status":"publish","type":"page","link":"https:\/\/rogervoice.com\/fr\/contact\/","title":{"rendered":"Contact"},"content":{"rendered":"\t\t<div data-elementor-type=\"wp-page\" data-elementor-id=\"6387\" class=\"elementor elementor-6387\">\n\t\t\t\t\t\t<section class=\"elementor-section elementor-top-section elementor-element elementor-element-51109545 elementor-section-stretched elementor-section-boxed elementor-section-height-default elementor-section-height-default\" data-id=\"51109545\" data-element_type=\"section\" data-e-type=\"section\" data-settings=\"{&quot;stretch_section&quot;:&quot;section-stretched&quot;,&quot;background_background&quot;:&quot;classic&quot;,&quot;shape_divider_top&quot;:&quot;curve-asymmetrical&quot;}\">\n\t\t\t\t\t<div class=\"elementor-shape elementor-shape-top\" aria-hidden=\"true\" data-negative=\"false\">\n\t\t\t<svg xmlns=\"http:\/\/www.w3.org\/2000\/svg\" viewBox=\"0 0 1000 100\" preserveAspectRatio=\"none\">\n\t<path class=\"elementor-shape-fill\" d=\"M0,0c0,0,0,6,0,6.7c0,18,240.2,93.6,615.2,92.6C989.8,98.5,1000,25,1000,6.7c0-0.7,0-6.7,0-6.7H0z\"\/>\n<\/svg>\t\t<\/div>\n\t\t\t\t\t<div class=\"elementor-container elementor-column-gap-default\">\n\t\t\t\t\t<div class=\"elementor-column elementor-col-100 elementor-top-column elementor-element elementor-element-3d9bb217\" data-id=\"3d9bb217\" data-element_type=\"column\" data-e-type=\"column\">\n\t\t\t<div class=\"elementor-widget-wrap elementor-element-populated\">\n\t\t\t\t\t\t<section class=\"elementor-section elementor-inner-section elementor-element elementor-element-47a5991d bg-white shadow-lg shadow-hover-lg rounded-xl overflow-hidden elementor-section-boxed elementor-section-height-default elementor-section-height-default\" data-id=\"47a5991d\" data-element_type=\"section\" data-e-type=\"section\">\n\t\t\t\t\t\t<div class=\"elementor-container elementor-column-gap-no\">\n\t\t\t\t\t<div class=\"elementor-column elementor-col-50 elementor-inner-column elementor-element elementor-element-6650a242\" data-id=\"6650a242\" data-element_type=\"column\" data-e-type=\"column\">\n\t\t\t<div class=\"elementor-widget-wrap elementor-element-populated\">\n\t\t\t\t\t\t<div class=\"elementor-element elementor-element-27f4228 elementor-invisible elementor-widget elementor-widget-pix-heading\" data-id=\"27f4228\" data-element_type=\"widget\" data-e-type=\"widget\" data-widget_type=\"pix-heading.default\">\n\t\t\t\t<div class=\"elementor-widget-container\">\n\t\t\t\t\t<div  class=\"pix-heading-el text-left \"><h4 class=\"text-heading-default font-weight-bold h4 animate-in heading-text el-title_custom_color mb-12\" style=\"\" data-anim-type=\"fade-in-up\" data-anim-delay=\"0\">Contactez-nous<\/h4><\/div>\t\t\t\t<\/div>\n\t\t\t\t<\/div>\n\t\t\t\t<div class=\"elementor-element elementor-element-1438fda7 elementor-widget-divider--view-line elementor-widget elementor-widget-divider\" data-id=\"1438fda7\" data-element_type=\"widget\" data-e-type=\"widget\" data-widget_type=\"divider.default\">\n\t\t\t\t<div class=\"elementor-widget-container\">\n\t\t\t\t\t\t\t<div class=\"elementor-divider\">\n\t\t\t<span class=\"elementor-divider-separator\">\n\t\t\t\t\t\t<\/span>\n\t\t<\/div>\n\t\t\t\t\t\t<\/div>\n\t\t\t\t<\/div>\n\t\t\t\t<div class=\"elementor-element elementor-element-40b70a5a elementor-widget elementor-widget-text-editor\" data-id=\"40b70a5a\" data-element_type=\"widget\" data-e-type=\"widget\" data-widget_type=\"text-editor.default\">\n\t\t\t\t<div class=\"elementor-widget-container\">\n\t\t\t\t\t\t\t\t\t\n<div class=\"wpcf7 no-js\" id=\"wpcf7-f6385-o1\" lang=\"fr-FR\" dir=\"ltr\" data-wpcf7-id=\"6385\">\n<div class=\"screen-reader-response\"><p role=\"status\" aria-live=\"polite\" aria-atomic=\"true\"><\/p> <ul><\/ul><\/div>\n<form action=\"\/fr\/wp-json\/wp\/v2\/pages\/6387#wpcf7-f6385-o1\" method=\"post\" class=\"wpcf7-form init\" aria-label=\"Formulaire de contact\" novalidate=\"novalidate\" data-status=\"init\">\n<fieldset class=\"hidden-fields-container\"><input type=\"hidden\" name=\"_wpcf7\" value=\"6385\" \/><input type=\"hidden\" name=\"_wpcf7_version\" value=\"6.1.5\" \/><input type=\"hidden\" name=\"_wpcf7_locale\" value=\"fr_FR\" \/><input type=\"hidden\" name=\"_wpcf7_unit_tag\" value=\"wpcf7-f6385-o1\" \/><input type=\"hidden\" name=\"_wpcf7_container_post\" value=\"0\" \/><input type=\"hidden\" name=\"_wpcf7_posted_data_hash\" value=\"\" \/><input type=\"hidden\" name=\"_wpcf7_recaptcha_response\" value=\"\" \/>\n<\/fieldset>\n<div class=\"pix-contact7-form\"><p><label> Dites nous ce qui vous am\u00e8ne*<br \/>\n<span class=\"wpcf7-form-control-wrap\" data-name=\"select-983\"><select class=\"wpcf7-form-control wpcf7-select\" aria-invalid=\"false\" name=\"select-983\"><option value=\"S\u00e9lectionnez l&#039;objet\">S\u00e9lectionnez l&#039;objet<\/option><option value=\"Je veux savoir comment rendre mon service client accessible\">Je veux savoir comment rendre mon service client accessible<\/option><option value=\"Je veux en savoir plus sur le forfait pro\">Je veux en savoir plus sur le forfait pro<\/option><option value=\"Je suis journaliste et j\u2019ai des questions \u00e0 vous poser\">Je suis journaliste et j\u2019ai des questions \u00e0 vous poser<\/option><option value=\"Je suis un mouton \u00e0 5 pattes, je ne rentre dans aucune de ces cat\u00e9gories\">Je suis un mouton \u00e0 5 pattes, je ne rentre dans aucune de ces cat\u00e9gories<\/option><\/select><\/span><\/label>\n<\/p>\n<p><label> Votre adresse e-mail*<br \/>\n<span class=\"wpcf7-form-control-wrap\" data-name=\"your-email\"><input size=\"250\" maxlength=\"400\" class=\"wpcf7-form-control wpcf7-email wpcf7-validates-as-required wpcf7-text wpcf7-validates-as-email\" autocomplete=\"email\" aria-required=\"true\" aria-invalid=\"false\" value=\"\" type=\"email\" name=\"your-email\" \/><\/span> <\/label>\n<\/p>\n<p><label> Votre demande*<br \/>\n<span class=\"wpcf7-form-control-wrap\" data-name=\"your-message\"><textarea cols=\"250\" rows=\"5\" maxlength=\"2000\" class=\"wpcf7-form-control wpcf7-textarea wpcf7-validates-as-required\" aria-required=\"true\" aria-invalid=\"false\" name=\"your-message\"><\/textarea><\/span> <\/label>\n<\/p>\n<p><input class=\"wpcf7-form-control wpcf7-submit has-spinner\" type=\"submit\" value=\"Envoyer ma demande\" \/>\n<\/p><\/div><div class=\"wpcf7-response-output\" aria-hidden=\"true\"><\/div>\n<\/form>\n<\/div>\n\t\t\t\t\t\t\t\t<\/div>\n\t\t\t\t<\/div>\n\t\t\t\t<div class=\"elementor-element elementor-element-c31c36e elementor-widget elementor-widget-text-editor\" data-id=\"c31c36e\" data-element_type=\"widget\" data-e-type=\"widget\" data-widget_type=\"text-editor.default\">\n\t\t\t\t<div class=\"elementor-widget-container\">\n\t\t\t\t\t\t\t\t\t<p>Les donn\u00e9es ci-dessus sont collect\u00e9es par Rogervoice aux fins de r\u00e9ponse \u00e0 votre demande uniquement, sur la base de votre consentement. Ne communiquez aucune information non directement et strictement li\u00e9e \u00e0 votre demande, et notamment, aucune donn\u00e9e \u00e0 caract\u00e8re sensible. Vous disposez en toute hypoth\u00e8se des droits d&rsquo;acc\u00e8s, rectification, effacement, portabilit\u00e9 de vos donn\u00e9es et de limitation ou opposition aux traitements. Ces donn\u00e9es sont crois\u00e9es en cas de collecte compl\u00e9mentaire via les outils num\u00e9riques du site.<\/p><p><a href=\"\/fr\/politique-de-confidentialite\/\">En savoir plus<\/a>.<\/p>\t\t\t\t\t\t\t\t<\/div>\n\t\t\t\t<\/div>\n\t\t\t\t\t<\/div>\n\t\t<\/div>\n\t\t\t\t<div class=\"elementor-column elementor-col-50 elementor-inner-column elementor-element elementor-element-398bb746\" data-id=\"398bb746\" data-element_type=\"column\" data-e-type=\"column\" data-settings=\"{&quot;background_background&quot;:&quot;slideshow&quot;,&quot;background_slideshow_gallery&quot;:[{&quot;id&quot;:6605,&quot;url&quot;:&quot;https:\\\/\\\/rogervoice.com\\\/wp-content\\\/uploads\\\/2025\\\/06\\\/homepage_visio-scaled-tt-width-1200-height-1200-crop-1.webp&quot;}],&quot;background_slideshow_loop&quot;:&quot;yes&quot;,&quot;background_slideshow_slide_duration&quot;:5000,&quot;background_slideshow_slide_transition&quot;:&quot;fade&quot;,&quot;background_slideshow_transition_duration&quot;:500}\">\n\t\t\t<div class=\"elementor-widget-wrap\">\n\t\t\t\t\t\t\t<\/div>\n\t\t<\/div>\n\t\t\t\t\t<\/div>\n\t\t<\/section>\n\t\t\t\t\t<\/div>\n\t\t<\/div>\n\t\t\t\t\t<\/div>\n\t\t<\/section>\n\t\t\t\t<\/div>\n\t\t","protected":false},"excerpt":{"rendered":"<p>Contactez-nous Les donn\u00e9es ci-dessus sont collect\u00e9es par Rogervoice aux fins de r\u00e9ponse \u00e0 votre demande uniquement, sur la base de votre consentement. Ne communiquez aucune information non directement et strictement li\u00e9e \u00e0 votre demande, et notamment, aucune donn\u00e9e \u00e0 caract\u00e8re&#8230;<\/p>\n","protected":false},"author":4,"featured_media":0,"parent":0,"menu_order":0,"comment_status":"closed","ping_status":"closed","template":"elementor_theme","meta":{"inline_featured_image":false,"footnotes":""},"folder":[],"class_list":["post-6387","page","type-page","status-publish","hentry"],"yoast_head":"<!-- This site is optimized with the Yoast SEO plugin v27.3 - https:\/\/yoast.com\/product\/yoast-seo-wordpress\/ -->\n<title>Contact - Rogervoice<\/title>\n<meta name=\"robots\" content=\"index, follow, max-snippet:-1, max-image-preview:large, max-video-preview:-1\" \/>\n<link rel=\"canonical\" href=\"https:\/\/rogervoice.com\/fr\/contact\/\" \/>\n<meta property=\"og:locale\" content=\"fr_FR\" \/>\n<meta property=\"og:type\" content=\"article\" \/>\n<meta property=\"og:title\" content=\"Contact - Rogervoice\" \/>\n<meta property=\"og:description\" content=\"Contactez-nous Les donn\u00e9es ci-dessus sont collect\u00e9es par Rogervoice aux fins de r\u00e9ponse \u00e0 votre demande uniquement, sur la base de votre consentement. Ne communiquez aucune information non directement et strictement li\u00e9e \u00e0 votre demande, et notamment, aucune donn\u00e9e \u00e0 caract\u00e8re...\" \/>\n<meta property=\"og:url\" content=\"https:\/\/rogervoice.com\/fr\/contact\/\" \/>\n<meta property=\"og:site_name\" content=\"Rogervoice\" \/>\n<meta property=\"article:modified_time\" content=\"2025-09-28T21:27:43+00:00\" \/>\n<meta name=\"twitter:card\" content=\"summary_large_image\" \/>\n<meta name=\"twitter:label1\" content=\"Dur\u00e9e de lecture estim\u00e9e\" \/>\n\t<meta name=\"twitter:data1\" content=\"1 minute\" \/>\n<script type=\"application\/ld+json\" class=\"yoast-schema-graph\">{\"@context\":\"https:\\\/\\\/schema.org\",\"@graph\":[{\"@type\":\"WebPage\",\"@id\":\"https:\\\/\\\/rogervoice.com\\\/fr\\\/contact\\\/\",\"url\":\"https:\\\/\\\/rogervoice.com\\\/fr\\\/contact\\\/\",\"name\":\"Contact - Rogervoice\",\"isPartOf\":{\"@id\":\"https:\\\/\\\/rogervoice.com\\\/fr\\\/#website\"},\"datePublished\":\"2025-06-06T15:14:36+00:00\",\"dateModified\":\"2025-09-28T21:27:43+00:00\",\"breadcrumb\":{\"@id\":\"https:\\\/\\\/rogervoice.com\\\/fr\\\/contact\\\/#breadcrumb\"},\"inLanguage\":\"fr-FR\",\"potentialAction\":[{\"@type\":\"ReadAction\",\"target\":[\"https:\\\/\\\/rogervoice.com\\\/fr\\\/contact\\\/\"]}]},{\"@type\":\"BreadcrumbList\",\"@id\":\"https:\\\/\\\/rogervoice.com\\\/fr\\\/contact\\\/#breadcrumb\",\"itemListElement\":[{\"@type\":\"ListItem\",\"position\":1,\"name\":\"Home\",\"item\":\"https:\\\/\\\/rogervoice.com\\\/fr\\\/\"},{\"@type\":\"ListItem\",\"position\":2,\"name\":\"Contact\"}]},{\"@type\":\"WebSite\",\"@id\":\"https:\\\/\\\/rogervoice.com\\\/fr\\\/#website\",\"url\":\"https:\\\/\\\/rogervoice.com\\\/fr\\\/\",\"name\":\"Rogervoice\",\"description\":\"L\u2019appli qui sous-titre vos appels\",\"potentialAction\":[{\"@type\":\"SearchAction\",\"target\":{\"@type\":\"EntryPoint\",\"urlTemplate\":\"https:\\\/\\\/rogervoice.com\\\/fr\\\/?s={search_term_string}\"},\"query-input\":{\"@type\":\"PropertyValueSpecification\",\"valueRequired\":true,\"valueName\":\"search_term_string\"}}],\"inLanguage\":\"fr-FR\"}]}<\/script>\n<!-- \/ Yoast SEO plugin. -->","yoast_head_json":{"title":"Contact - Rogervoice","robots":{"index":"index","follow":"follow","max-snippet":"max-snippet:-1","max-image-preview":"max-image-preview:large","max-video-preview":"max-video-preview:-1"},"canonical":"https:\/\/rogervoice.com\/fr\/contact\/","og_locale":"fr_FR","og_type":"article","og_title":"Contact - Rogervoice","og_description":"Contactez-nous Les donn\u00e9es ci-dessus sont collect\u00e9es par Rogervoice aux fins de r\u00e9ponse \u00e0 votre demande uniquement, sur la base de votre consentement. Ne communiquez aucune information non directement et strictement li\u00e9e \u00e0 votre demande, et notamment, aucune donn\u00e9e \u00e0 caract\u00e8re...","og_url":"https:\/\/rogervoice.com\/fr\/contact\/","og_site_name":"Rogervoice","article_modified_time":"2025-09-28T21:27:43+00:00","twitter_card":"summary_large_image","twitter_misc":{"Dur\u00e9e de lecture estim\u00e9e":"1 minute"},"schema":{"@context":"https:\/\/schema.org","@graph":[{"@type":"WebPage","@id":"https:\/\/rogervoice.com\/fr\/contact\/","url":"https:\/\/rogervoice.com\/fr\/contact\/","name":"Contact - Rogervoice","isPartOf":{"@id":"https:\/\/rogervoice.com\/fr\/#website"},"datePublished":"2025-06-06T15:14:36+00:00","dateModified":"2025-09-28T21:27:43+00:00","breadcrumb":{"@id":"https:\/\/rogervoice.com\/fr\/contact\/#breadcrumb"},"inLanguage":"fr-FR","potentialAction":[{"@type":"ReadAction","target":["https:\/\/rogervoice.com\/fr\/contact\/"]}]},{"@type":"BreadcrumbList","@id":"https:\/\/rogervoice.com\/fr\/contact\/#breadcrumb","itemListElement":[{"@type":"ListItem","position":1,"name":"Home","item":"https:\/\/rogervoice.com\/fr\/"},{"@type":"ListItem","position":2,"name":"Contact"}]},{"@type":"WebSite","@id":"https:\/\/rogervoice.com\/fr\/#website","url":"https:\/\/rogervoice.com\/fr\/","name":"Rogervoice","description":"L\u2019appli qui sous-titre vos appels","potentialAction":[{"@type":"SearchAction","target":{"@type":"EntryPoint","urlTemplate":"https:\/\/rogervoice.com\/fr\/?s={search_term_string}"},"query-input":{"@type":"PropertyValueSpecification","valueRequired":true,"valueName":"search_term_string"}}],"inLanguage":"fr-FR"}]}},"_links":{"self":[{"href":"https:\/\/rogervoice.com\/fr\/wp-json\/wp\/v2\/pages\/6387","targetHints":{"allow":["GET"]}}],"collection":[{"href":"https:\/\/rogervoice.com\/fr\/wp-json\/wp\/v2\/pages"}],"about":[{"href":"https:\/\/rogervoice.com\/fr\/wp-json\/wp\/v2\/types\/page"}],"author":[{"embeddable":true,"href":"https:\/\/rogervoice.com\/fr\/wp-json\/wp\/v2\/users\/4"}],"replies":[{"embeddable":true,"href":"https:\/\/rogervoice.com\/fr\/wp-json\/wp\/v2\/comments?post=6387"}],"version-history":[{"count":30,"href":"https:\/\/rogervoice.com\/fr\/wp-json\/wp\/v2\/pages\/6387\/revisions"}],"predecessor-version":[{"id":9680,"href":"https:\/\/rogervoice.com\/fr\/wp-json\/wp\/v2\/pages\/6387\/revisions\/9680"}],"wp:attachment":[{"href":"https:\/\/rogervoice.com\/fr\/wp-json\/wp\/v2\/media?parent=6387"}],"wp:term":[{"taxonomy":"folder","embeddable":true,"href":"https:\/\/rogervoice.com\/fr\/wp-json\/wp\/v2\/folder?post=6387"}],"curies":[{"name":"wp","href":"https:\/\/api.w.org\/{rel}","templated":true}]}}